{"id":388,"date":"2016-09-20T08:33:19","date_gmt":"2016-09-20T06:33:19","guid":{"rendered":"http:\/\/villavasby.se\/?page_id=388"},"modified":"2025-12-01T16:00:12","modified_gmt":"2025-12-01T15:00:12","slug":"bed-breakfast-stockholm","status":"publish","type":"page","link":"https:\/\/villavasby.se\/","title":{"rendered":"Villa V\u00e4sby Bed &#038; Breakfast in Stockholm Sweden"},"content":{"rendered":"<p><strong>Villa V\u00e4sby B&amp;B<\/strong>\u00a0is a family-run <strong>B&amp;B.\u00a0<\/strong>10 minutes&#8217; drive from central <strong>Stockholm, Sweden<\/strong>. We offer free parking, free WiFi access and rooms with a private bathroom. Book your room and add breakfast here on the site. The owner and\/or staff is always at the B&amp;B, please contact them at the front desk reception.<\/p>\n<p>You can choose either a <a href=\"https:\/\/villavasby.se\/?page_id=636\">self-catering apartment<\/a> or <a href=\"https:\/\/villavasby.se\/?page_id=526\">guest room<\/a> accommodation in our Bed &amp; Breakfast.<\/p>\n<ul>\n<li>The guest rooms are all in our family home so they are unique with a private bathroom and situated in the 100year old main building. No pets are allowed in the guests rooms in the main building.<\/li>\n<li>The apartments features a private entrance (and some are in a separate building), small patio, as well as a kitchen. In apartment number 1 pets are allowed.<\/li>\n<\/ul>\n<p>Please book here at site the stay that suits you the best because all our offered rooms\/apartments are individual and varied. Please read more about the room you are about to book. For instance you should not book room 3 if you want a spacious bathroom. The wc\/shower for room 3 is very very very small.<\/p>\n<p>Please also consider that this is not a hotel it is a B&amp;B. We are inviting you to our home in the main building and therefore the guest-rooms can not be locked from the outside, only from the inside &#8211; however the entrance door is locked. The apartment number 1 is locked from both outside\/inside.<\/p>\n<p>Nacka Forum shopping centre is only a 10 minute walk away and bus to Stockholm City (10 minutes) is only a few meters away.<\/p>\n<p>For more information contact +46 70 304 36 12 or +46 70 633 84 01 or send a mail to info@villavasby.se.<\/p>\n<div id=\"TA_cdsratingsonlynarrow236\" class=\"TA_cdsratingsonlynarrow\">\n<ul id=\"xgKaBb\" class=\"TA_links vVTJdcZA\">\n<li id=\"awK1zrbYGxMX\" class=\"yXv8lIh56n\"><a href=\"https:\/\/www.tripadvisor.co.uk\/\" target=\"_blank\" rel=\"noopener noreferrer\"><img decoding=\"async\" src=\"http:\/\/villavasby.se\/wp-content\/uploads\/2018\/05\/tripadvisor_logo_transp_340x80-18034-2.png\" alt=\"TripAdvisor\" \/><\/a><\/li>\n<\/ul>\n<\/div>\n<p><script src=\"https:\/\/www.jscache.com\/wejs?wtype=cdsratingsonlynarrow&amp;uniq=236&amp;locationId=11799808&amp;lang=en_UK&amp;border=true&amp;display_version=2\" async=\"\"><\/script><\/p>\n<div id=\"yelp-biz-badge-rrc-FFZK1EdB5tea_UKMQyev9g\"><a href=\"http:\/\/yelp.com\/biz\/villa-v\u00e4sby-b-och-b-nacka?utm_medium=badge_star_rating_reviews&amp;utm_source=biz_review_badge\" target=\"_blank\" rel=\"noopener noreferrer\">Check out Villa V\u00e4sby B&amp;B on Yelp<\/a><\/div>\n<p><script>(function(d, t) {var g = d.createElement(t);var s = d.getElementsByTagName(t)[0];g.id = \"yelp-biz-badge-script-rrc-FFZK1EdB5tea_UKMQyev9g\";g.src = \"\/\/yelp.com\/biz_badge_js\/en_US\/rrc\/FFZK1EdB5tea_UKMQyev9g.js\";s.parentNode.insertBefore(g, s);}(document, 'script'));<\/script><script async=\"\" src=\"https:\/\/pagead2.googlesyndication.com\/pagead\/js\/adsbygoogle.js?client=ca-pub-6149098726114556\" crossorigin=\"anonymous\"><\/script><\/p>\n\n\n<hr class=\"wp-block-separator has-alpha-channel-opacity is-style-wide\"\/>\n\n\n\n<p>VI KAN REKOMMENDERA:<\/p>\n\n\n\n<div class=\"wp-block-columns is-layout-flex wp-container-core-columns-is-layout-9d6595d7 wp-block-columns-is-layout-flex\">\n<div class=\"wp-block-column is-layout-flow wp-block-column-is-layout-flow\">\n<figure class=\"wp-block-image size-full\"><a href=\"https:\/\/storangssalen.se\/\" target=\"_blank\" rel=\" noreferrer noopener\"><img fetchpriority=\"high\" decoding=\"async\" width=\"319\" height=\"225\" src=\"https:\/\/villavasby.se\/wp-content\/uploads\/2025\/03\/Storsalen_Storangen_2013a_01.jpg\" alt=\"\" class=\"wp-image-884\" srcset=\"https:\/\/villavasby.se\/wp-content\/uploads\/2025\/03\/Storsalen_Storangen_2013a_01.jpg 319w, https:\/\/villavasby.se\/wp-content\/uploads\/2025\/03\/Storsalen_Storangen_2013a_01-300x212.jpg 300w\" sizes=\"(max-width: 319px) 100vw, 319px\" \/><\/a><\/figure>\n\n\n\n<p><a href=\"https:\/\/storangssalen.se\/\">Stor\u00e4ngssalen<\/a> &#8211; fest och eventlokal endast 5 minuters g\u00e5ngv\u00e4g fr\u00e5n Villa V\u00e4sby B&amp;b<\/p>\n<\/div>\n\n\n\n<div class=\"wp-block-column is-layout-flow wp-block-column-is-layout-flow\">\n<figure class=\"wp-block-image size-full\"><a href=\"https:\/\/nackastrand.se\/om-nacka-strand\/kommunikationer\/\"><img decoding=\"async\" width=\"617\" height=\"406\" src=\"https:\/\/villavasby.se\/wp-content\/uploads\/2025\/12\/Skarmavbild-2025-12-01-kl.-15.42.48.png\" alt=\"\" class=\"wp-image-915\" srcset=\"https:\/\/villavasby.se\/wp-content\/uploads\/2025\/12\/Skarmavbild-2025-12-01-kl.-15.42.48.png 617w, https:\/\/villavasby.se\/wp-content\/uploads\/2025\/12\/Skarmavbild-2025-12-01-kl.-15.42.48-300x197.png 300w\" sizes=\"(max-width: 617px) 100vw, 617px\" \/><\/a><\/figure>\n\n\n\n<p>Slipp st\u00f6ket i Slussen genom att ta en vacker b\u00e5ttur med b\u00e5t 80 fr\u00e5n Nacka Strand in till t.ex Nybrokajen eller Djurg\u00e5rden.<\/p>\n\n\n\n<p> <\/p>\n<\/div>\n\n\n\n<div class=\"wp-block-column is-layout-flow wp-block-column-is-layout-flow\">\n<figure class=\"wp-block-image size-large\"><a href=\"https:\/\/mountainbikeskolan.se\/\" target=\"_blank\" rel=\" noreferrer noopener\"><img decoding=\"async\" width=\"700\" height=\"162\" src=\"https:\/\/villavasby.se\/wp-content\/uploads\/2025\/03\/unnamed-700x162.jpg\" alt=\"\" class=\"wp-image-883\" srcset=\"https:\/\/villavasby.se\/wp-content\/uploads\/2025\/03\/unnamed-700x162.jpg 700w, https:\/\/villavasby.se\/wp-content\/uploads\/2025\/03\/unnamed-300x70.jpg 300w, https:\/\/villavasby.se\/wp-content\/uploads\/2025\/03\/unnamed-768x178.jpg 768w, https:\/\/villavasby.se\/wp-content\/uploads\/2025\/03\/unnamed-1536x356.jpg 1536w, https:\/\/villavasby.se\/wp-content\/uploads\/2025\/03\/unnamed-800x186.jpg 800w, https:\/\/villavasby.se\/wp-content\/uploads\/2025\/03\/unnamed.jpg 1914w\" sizes=\"(max-width: 700px) 100vw, 700px\" \/><\/a><\/figure>\n\n\n\n<p>Prova p\u00e5 Mountainbike &#8211; Uthyrning och kurser, tex   <a href=\"https:\/\/mountainbikeskolan.se\/kurs\/mountainbikecamp-stockholm-vuxen\/\">Mountainbikecamp Stockholm Vuxen<\/a> med boende p\u00e5 Villa V\u00e4sby B&amp;B<\/p>\n<\/div>\n<\/div>\n\n\n\n<div class=\"wp-block-columns is-layout-flex wp-container-core-columns-is-layout-9d6595d7 wp-block-columns-is-layout-flex\">\n<div class=\"wp-block-column is-layout-flow wp-block-column-is-layout-flow\"><\/div>\n\n\n\n<div class=\"wp-block-column is-layout-flow wp-block-column-is-layout-flow\"><\/div>\n\n\n\n<div class=\"wp-block-column is-layout-flow wp-block-column-is-layout-flow\"><\/div>\n<\/div>\n","protected":false},"excerpt":{"rendered":"<p>Villa V\u00e4sby B&amp;B\u00a0is a family-run B&amp;B.\u00a010 minutes&#8217; drive from central Stockholm, Sweden. We offer free parking, free WiFi access and rooms with a private bathroom. Book your room and add breakfast here on the site. The owner and\/or staff is always at the B&amp;B, please contact them at the front desk reception. You can choose&#8230;<\/p>\n","protected":false},"author":1,"featured_media":0,"parent":0,"menu_order":0,"comment_status":"closed","ping_status":"closed","template":"","meta":{"_monsterinsights_skip_tracking":false,"_monsterinsights_sitenote_active":false,"_monsterinsights_sitenote_note":"","_monsterinsights_sitenote_category":0,"footnotes":""},"class_list":["post-388","page","type-page","status-publish","hentry"],"yoast_head":"<!-- This site is optimized with the Yoast SEO plugin v27.5 - https:\/\/yoast.com\/product\/yoast-seo-wordpress\/ -->\n<title>Villa V\u00e4sby Bed &amp; Breakfast in Stockholm Sweden - Stay in a lovely home B&amp;B Stockholm<\/title>\n<meta name=\"description\" content=\"Stay in a lovely home Welcome family own Bed &amp; Breakfast in Stockholm. Stay in a 100 year old villa in Scandinavian style only 10min from Stockholm City.\" \/>\n<meta name=\"robots\" content=\"index, follow, max-snippet:-1, max-image-preview:large, max-video-preview:-1\" \/>\n<link rel=\"canonical\" href=\"https:\/\/villavasby.se\/\" \/>\n<meta property=\"og:locale\" content=\"sv_SE\" \/>\n<meta property=\"og:type\" content=\"article\" \/>\n<meta property=\"og:title\" content=\"Villa V\u00e4sby Bed &amp; Breakfast in Stockholm Sweden - Stay in a lovely home B&amp;B Stockholm\" \/>\n<meta property=\"og:description\" content=\"Stay in a lovely home Welcome family own Bed &amp; Breakfast in Stockholm. Stay in a 100 year old villa in Scandinavian style only 10min from Stockholm City.\" \/>\n<meta property=\"og:url\" content=\"https:\/\/villavasby.se\/\" \/>\n<meta property=\"og:site_name\" content=\"Stay in a lovely home\" \/>\n<meta property=\"article:publisher\" content=\"https:\/\/www.facebook.com\/BedandBreakfastStockholm\/\" \/>\n<meta property=\"article:modified_time\" content=\"2025-12-01T15:00:12+00:00\" \/>\n<meta property=\"og:image\" content=\"http:\/\/villavasby.se\/wp-content\/uploads\/2018\/05\/tripadvisor_logo_transp_340x80-18034-2.png\" \/>\n<meta name=\"twitter:card\" content=\"summary_large_image\" \/>\n<meta name=\"twitter:label1\" content=\"Ber\u00e4knad l\u00e4stid\" \/>\n\t<meta name=\"twitter:data1\" content=\"3 minuter\" \/>\n<script type=\"application\/ld+json\" class=\"yoast-schema-graph\">{\"@context\":\"https:\\\/\\\/schema.org\",\"@graph\":[{\"@type\":\"WebPage\",\"@id\":\"https:\\\/\\\/villavasby.se\\\/\",\"url\":\"https:\\\/\\\/villavasby.se\\\/\",\"name\":\"Villa V\u00e4sby Bed & Breakfast in Stockholm Sweden - Stay in a lovely home B&B Stockholm\",\"isPartOf\":{\"@id\":\"https:\\\/\\\/villavasby.se\\\/#website\"},\"primaryImageOfPage\":{\"@id\":\"https:\\\/\\\/villavasby.se\\\/#primaryimage\"},\"image\":{\"@id\":\"https:\\\/\\\/villavasby.se\\\/#primaryimage\"},\"thumbnailUrl\":\"http:\\\/\\\/villavasby.se\\\/wp-content\\\/uploads\\\/2018\\\/05\\\/tripadvisor_logo_transp_340x80-18034-2.png\",\"datePublished\":\"2016-09-20T06:33:19+00:00\",\"dateModified\":\"2025-12-01T15:00:12+00:00\",\"description\":\"Stay in a lovely home Welcome family own Bed & Breakfast in Stockholm. Stay in a 100 year old villa in Scandinavian style only 10min from Stockholm City.\",\"breadcrumb\":{\"@id\":\"https:\\\/\\\/villavasby.se\\\/#breadcrumb\"},\"inLanguage\":\"sv-SE\",\"potentialAction\":[{\"@type\":\"ReadAction\",\"target\":[\"https:\\\/\\\/villavasby.se\\\/\"]}]},{\"@type\":\"ImageObject\",\"inLanguage\":\"sv-SE\",\"@id\":\"https:\\\/\\\/villavasby.se\\\/#primaryimage\",\"url\":\"https:\\\/\\\/villavasby.se\\\/wp-content\\\/uploads\\\/2018\\\/05\\\/tripadvisor_logo_transp_340x80-18034-2.png\",\"contentUrl\":\"https:\\\/\\\/villavasby.se\\\/wp-content\\\/uploads\\\/2018\\\/05\\\/tripadvisor_logo_transp_340x80-18034-2.png\",\"width\":336,\"height\":81},{\"@type\":\"BreadcrumbList\",\"@id\":\"https:\\\/\\\/villavasby.se\\\/#breadcrumb\",\"itemListElement\":[{\"@type\":\"ListItem\",\"position\":1,\"name\":\"Hem\",\"item\":\"https:\\\/\\\/villavasby.se\\\/\"},{\"@type\":\"ListItem\",\"position\":2,\"name\":\"Villa V\u00e4sby Bed &#038; Breakfast in Stockholm Sweden\"}]},{\"@type\":\"WebSite\",\"@id\":\"https:\\\/\\\/villavasby.se\\\/#website\",\"url\":\"https:\\\/\\\/villavasby.se\\\/\",\"name\":\"Stockholm Bed and Breakfast\",\"description\":\"Welcome to B&amp;B Stor\u00e4ngen - only 10 minutes from Stockholm City\",\"potentialAction\":[{\"@type\":\"SearchAction\",\"target\":{\"@type\":\"EntryPoint\",\"urlTemplate\":\"https:\\\/\\\/villavasby.se\\\/?s={search_term_string}\"},\"query-input\":{\"@type\":\"PropertyValueSpecification\",\"valueRequired\":true,\"valueName\":\"search_term_string\"}}],\"inLanguage\":\"sv-SE\"}]}<\/script>\n<!-- \/ Yoast SEO plugin. -->","yoast_head_json":{"title":"Villa V\u00e4sby Bed & Breakfast in Stockholm Sweden - Stay in a lovely home B&B Stockholm","description":"Stay in a lovely home Welcome family own Bed & Breakfast in Stockholm. Stay in a 100 year old villa in Scandinavian style only 10min from Stockholm City.","robots":{"index":"index","follow":"follow","max-snippet":"max-snippet:-1","max-image-preview":"max-image-preview:large","max-video-preview":"max-video-preview:-1"},"canonical":"https:\/\/villavasby.se\/","og_locale":"sv_SE","og_type":"article","og_title":"Villa V\u00e4sby Bed & Breakfast in Stockholm Sweden - Stay in a lovely home B&B Stockholm","og_description":"Stay in a lovely home Welcome family own Bed & Breakfast in Stockholm. Stay in a 100 year old villa in Scandinavian style only 10min from Stockholm City.","og_url":"https:\/\/villavasby.se\/","og_site_name":"Stay in a lovely home","article_publisher":"https:\/\/www.facebook.com\/BedandBreakfastStockholm\/","article_modified_time":"2025-12-01T15:00:12+00:00","og_image":[{"url":"http:\/\/villavasby.se\/wp-content\/uploads\/2018\/05\/tripadvisor_logo_transp_340x80-18034-2.png","type":"","width":"","height":""}],"twitter_card":"summary_large_image","twitter_misc":{"Ber\u00e4knad l\u00e4stid":"3 minuter"},"schema":{"@context":"https:\/\/schema.org","@graph":[{"@type":"WebPage","@id":"https:\/\/villavasby.se\/","url":"https:\/\/villavasby.se\/","name":"Villa V\u00e4sby Bed & Breakfast in Stockholm Sweden - Stay in a lovely home B&B Stockholm","isPartOf":{"@id":"https:\/\/villavasby.se\/#website"},"primaryImageOfPage":{"@id":"https:\/\/villavasby.se\/#primaryimage"},"image":{"@id":"https:\/\/villavasby.se\/#primaryimage"},"thumbnailUrl":"http:\/\/villavasby.se\/wp-content\/uploads\/2018\/05\/tripadvisor_logo_transp_340x80-18034-2.png","datePublished":"2016-09-20T06:33:19+00:00","dateModified":"2025-12-01T15:00:12+00:00","description":"Stay in a lovely home Welcome family own Bed & Breakfast in Stockholm. Stay in a 100 year old villa in Scandinavian style only 10min from Stockholm City.","breadcrumb":{"@id":"https:\/\/villavasby.se\/#breadcrumb"},"inLanguage":"sv-SE","potentialAction":[{"@type":"ReadAction","target":["https:\/\/villavasby.se\/"]}]},{"@type":"ImageObject","inLanguage":"sv-SE","@id":"https:\/\/villavasby.se\/#primaryimage","url":"https:\/\/villavasby.se\/wp-content\/uploads\/2018\/05\/tripadvisor_logo_transp_340x80-18034-2.png","contentUrl":"https:\/\/villavasby.se\/wp-content\/uploads\/2018\/05\/tripadvisor_logo_transp_340x80-18034-2.png","width":336,"height":81},{"@type":"BreadcrumbList","@id":"https:\/\/villavasby.se\/#breadcrumb","itemListElement":[{"@type":"ListItem","position":1,"name":"Hem","item":"https:\/\/villavasby.se\/"},{"@type":"ListItem","position":2,"name":"Villa V\u00e4sby Bed &#038; Breakfast in Stockholm Sweden"}]},{"@type":"WebSite","@id":"https:\/\/villavasby.se\/#website","url":"https:\/\/villavasby.se\/","name":"Stockholm Bed and Breakfast","description":"Welcome to B&amp;B Stor\u00e4ngen - only 10 minutes from Stockholm City","potentialAction":[{"@type":"SearchAction","target":{"@type":"EntryPoint","urlTemplate":"https:\/\/villavasby.se\/?s={search_term_string}"},"query-input":{"@type":"PropertyValueSpecification","valueRequired":true,"valueName":"search_term_string"}}],"inLanguage":"sv-SE"}]}},"_links":{"self":[{"href":"https:\/\/villavasby.se\/index.php?rest_route=\/wp\/v2\/pages\/388","targetHints":{"allow":["GET"]}}],"collection":[{"href":"https:\/\/villavasby.se\/index.php?rest_route=\/wp\/v2\/pages"}],"about":[{"href":"https:\/\/villavasby.se\/index.php?rest_route=\/wp\/v2\/types\/page"}],"author":[{"embeddable":true,"href":"https:\/\/villavasby.se\/index.php?rest_route=\/wp\/v2\/users\/1"}],"replies":[{"embeddable":true,"href":"https:\/\/villavasby.se\/index.php?rest_route=%2Fwp%2Fv2%2Fcomments&post=388"}],"version-history":[{"count":65,"href":"https:\/\/villavasby.se\/index.php?rest_route=\/wp\/v2\/pages\/388\/revisions"}],"predecessor-version":[{"id":916,"href":"https:\/\/villavasby.se\/index.php?rest_route=\/wp\/v2\/pages\/388\/revisions\/916"}],"wp:attachment":[{"href":"https:\/\/villavasby.se\/index.php?rest_route=%2Fwp%2Fv2%2Fmedia&parent=388"}],"curies":[{"name":"wp","href":"https:\/\/api.w.org\/{rel}","templated":true}]}}